{"id":865,"date":"2024-02-03T23:31:33","date_gmt":"2024-02-03T22:31:33","guid":{"rendered":"https:\/\/www.jevan.cz\/?page_id=865"},"modified":"2024-02-27T05:57:10","modified_gmt":"2024-02-27T04:57:10","slug":"powder-coating","status":"publish","type":"page","link":"https:\/\/www.jevan.cz\/en\/powder-coating\/","title":{"rendered":"Powder Coating"},"content":{"rendered":"<p>[et_pb_section fb_built=&#8221;1&#8243; _builder_version=&#8221;4.24.0&#8243; background_color=&#8221;#F2F2F2&#8243; global_colors_info=&#8221;{}&#8221;][et_pb_row column_structure=&#8221;1_2,1_2&#8243; _builder_version=&#8221;4.24.0&#8243; background_size=&#8221;initial&#8221; background_position=&#8221;top_left&#8221; background_repeat=&#8221;repeat&#8221; global_colors_info=&#8221;{}&#8221;][et_pb_column type=&#8221;1_2&#8243; _builder_version=&#8221;4.16&#8243; custom_padding=&#8221;|||&#8221; global_colors_info=&#8221;{}&#8221; custom_padding__hover=&#8221;|||&#8221;][et_pb_text _builder_version=&#8221;4.24.2&#8243; text_font_size=&#8221;18px&#8221; text_line_height=&#8221;1.6em&#8221; global_colors_info=&#8221;{}&#8221;]<\/p>\n<h1>For powder coating shops<\/h1>\n<h2>Powder coating &#8211; practice in accordance with theory<\/h2>\n<p>Are you a&nbsp;technologist in a&nbsp;large paint shop solving a&nbsp;specific problem or a&nbsp;tradesman who wants to start powder coating and doesn&#8217;t know how to do it? You can find the information you need in the texts below or contact us. We are always learning ourselves and are happy to share industry information.<\/p>\n<p>[\/et_pb_text][et_pb_button button_url=&#8221;@ET-DC@eyJkeW5hbWljIjp0cnVlLCJjb250ZW50IjoicG9zdF9saW5rX3VybF9wYWdlIiwic2V0dGluZ3MiOnsicG9zdF9pZCI6IjkyIn19@&#8221; button_text=&#8221;Find out more&#8221; _builder_version=&#8221;4.24.2&#8243; _dynamic_attributes=&#8221;button_url&#8221; _module_preset=&#8221;default&#8221; locked=&#8221;off&#8221; global_colors_info=&#8221;{}&#8221;][\/et_pb_button][\/et_pb_column][et_pb_column type=&#8221;1_2&#8243; _builder_version=&#8221;4.16&#8243; custom_padding=&#8221;|||&#8221; global_colors_info=&#8221;{}&#8221; custom_padding__hover=&#8221;|||&#8221;][et_pb_image src=&#8221;https:\/\/www.jevan.cz\/wp-content\/uploads\/2024\/02\/O-praskovani.jpg&#8221; alt=&#8221;About Powdering&#8221; show_in_lightbox=&#8221;on&#8221; _builder_version=&#8221;4.24.2&#8243; _module_preset=&#8221;default&#8221; global_colors_info=&#8221;{}&#8221;][\/et_pb_image][\/et_pb_column][\/et_pb_row][\/et_pb_section][et_pb_section fb_built=&#8221;1&#8243; _builder_version=&#8221;4.24.0&#8243; _module_preset=&#8221;default&#8221; background_color=&#8221;#fafafa&#8221; global_colors_info=&#8221;{}&#8221;][et_pb_row _builder_version=&#8221;4.24.0&#8243; _module_preset=&#8221;default&#8221; global_colors_info=&#8221;{}&#8221;][et_pb_column type=&#8221;4_4&#8243; _builder_version=&#8221;4.24.0&#8243; _module_preset=&#8221;default&#8221; global_colors_info=&#8221;{}&#8221;][et_pb_blog include_categories=&#8221;5&#8243; show_thumbnail=&#8221;off&#8221; excerpt_length=&#8221;320&#8243; show_more=&#8221;on&#8221; show_author=&#8221;off&#8221; show_date=&#8221;off&#8221; show_categories=&#8221;off&#8221; show_pagination=&#8221;off&#8221; _builder_version=&#8221;4.24.2&#8243; _module_preset=&#8221;default&#8221; body_font=&#8221;||||||||&#8221; body_text_color=&#8221;#212427&#8243; body_link_text_color=&#8221;#1B84DA&#8221; background_enable_color=&#8221;off&#8221; border_width_all=&#8221;0px&#8221; global_colors_info=&#8221;{}&#8221;][\/et_pb_blog][\/et_pb_column][\/et_pb_row][\/et_pb_section]<\/p>\n","protected":false},"excerpt":{"rendered":"<p>For powder coating shops Powder coating &#8211; practice in accordance with theory Are you a&nbsp;technologist in a&nbsp;large paint shop solving a&nbsp;specific problem or a&nbsp;tradesman who wants to start powder coating and doesn&#8217;t know how to do it? You can find the information you need in the texts below or contact us. [&hellip;]<\/p>\n","protected":false},"author":1,"featured_media":0,"parent":0,"menu_order":0,"comment_status":"closed","ping_status":"closed","template":"","meta":{"_et_pb_use_builder":"on","_et_pb_old_content":"[et_pb_section fb_built=\"1\" _builder_version=\"4.24.0\" background_color=\"#F2F2F2\" global_colors_info=\"{}\"][et_pb_row column_structure=\"1_2,1_2\" _builder_version=\"4.24.0\" background_size=\"initial\" background_position=\"top_left\" background_repeat=\"repeat\" global_colors_info=\"{}\"][et_pb_column type=\"1_2\" _builder_version=\"4.16\" custom_padding=\"|||\" global_colors_info=\"{}\" custom_padding__hover=\"|||\"][et_pb_text _builder_version=\"4.24.1\" text_font_size=\"18px\" text_line_height=\"1.6em\" global_colors_info=\"{}\"]<h1>Pro pr\u00e1\u0161kov\u00e9 lakovny<\/h1>\r\n<h2>Pr\u00e1\u0161kov\u00e9 lakov\u00e1n\u00ed - praxe v\u00a0souladu s\u00a0teori\u00ed<\/h2>\r\n<p>Jste technolog ve velk\u00e9 lakovn\u011b a \u0159e\u0161\u00edte specifick\u00fd probl\u00e9m nebo \u017eivnostn\u00edk kter\u00fd chce za\u010d\u00edt s\u00a0pr\u00e1\u0161kov\u00e1n\u00edm a nev\u00ed jak na to? Pot\u0159ebn\u00e9 informace m\u016f\u017eete naj\u00edt v\u00a0n\u00ed\u017ee uveden\u00fdch textech nebo n\u00e1s kontaktujte. Sami se st\u00e1le u\u010d\u00edme a informace z\u00a0oboru r\u00e1di sd\u00edl\u00edme.<\/p>[\/et_pb_text][et_pb_button button_url=\"@ET-DC@eyJkeW5hbWljIjp0cnVlLCJjb250ZW50IjoicG9zdF9saW5rX3VybF9wYWdlIiwic2V0dGluZ3MiOnsicG9zdF9pZCI6IjkyIn19@\" button_text=\"Chci v\u00edce informac\u00ed\" _builder_version=\"4.24.0\" _dynamic_attributes=\"button_url\" _module_preset=\"default\" locked=\"off\" global_colors_info=\"{}\"][\/et_pb_button][\/et_pb_column][et_pb_column type=\"1_2\" _builder_version=\"4.16\" custom_padding=\"|||\" global_colors_info=\"{}\" custom_padding__hover=\"|||\"][et_pb_image src=\"https:\/\/www.jevan.cz\/wp-content\/uploads\/2024\/02\/O-praskovani.jpg\" alt=\"O pr\u00e1\u0161kov\u00e1n\u00ed\" show_in_lightbox=\"on\" _builder_version=\"4.24.1\" _module_preset=\"default\" hover_enabled=\"0\" global_colors_info=\"{}\" sticky_enabled=\"0\"][\/et_pb_image][\/et_pb_column][\/et_pb_row][\/et_pb_section][et_pb_section fb_built=\"1\" _builder_version=\"4.24.0\" _module_preset=\"default\" background_color=\"#fafafa\" global_colors_info=\"{}\"][et_pb_row _builder_version=\"4.24.0\" _module_preset=\"default\" global_colors_info=\"{}\"][et_pb_column type=\"4_4\" _builder_version=\"4.24.0\" _module_preset=\"default\" global_colors_info=\"{}\"][et_pb_blog include_categories=\"5\" show_thumbnail=\"off\" excerpt_length=\"320\" show_more=\"on\" show_author=\"off\" show_date=\"off\" show_categories=\"off\" show_pagination=\"off\" _builder_version=\"4.24.0\" _module_preset=\"default\" body_font=\"||||||||\" body_text_color=\"#212427\" body_link_text_color=\"#1B84DA\" background_enable_color=\"off\" border_width_all=\"0px\" global_colors_info=\"{}\"][\/et_pb_blog][\/et_pb_column][\/et_pb_row][\/et_pb_section]","_et_gb_content_width":"","footnotes":""},"class_list":["post-865","page","type-page","status-publish","hentry"],"_links":{"self":[{"href":"https:\/\/www.jevan.cz\/en\/wp-json\/wp\/v2\/pages\/865","targetHints":{"allow":["GET"]}}],"collection":[{"href":"https:\/\/www.jevan.cz\/en\/wp-json\/wp\/v2\/pages"}],"about":[{"href":"https:\/\/www.jevan.cz\/en\/wp-json\/wp\/v2\/types\/page"}],"author":[{"embeddable":true,"href":"https:\/\/www.jevan.cz\/en\/wp-json\/wp\/v2\/users\/1"}],"replies":[{"embeddable":true,"href":"https:\/\/www.jevan.cz\/en\/wp-json\/wp\/v2\/comments?post=865"}],"version-history":[{"count":6,"href":"https:\/\/www.jevan.cz\/en\/wp-json\/wp\/v2\/pages\/865\/revisions"}],"predecessor-version":[{"id":1166,"href":"https:\/\/www.jevan.cz\/en\/wp-json\/wp\/v2\/pages\/865\/revisions\/1166"}],"wp:attachment":[{"href":"https:\/\/www.jevan.cz\/en\/wp-json\/wp\/v2\/media?parent=865"}],"curies":[{"name":"wp","href":"https:\/\/api.w.org\/{rel}","templated":true}]}}